{"id":191,"date":"2024-07-17T12:34:22","date_gmt":"2024-07-17T12:34:22","guid":{"rendered":"http:\/\/design9001.wordpress.com\/?page_id=1"},"modified":"2025-11-16T19:48:53","modified_gmt":"2025-11-16T18:48:53","slug":"a-propos","status":"publish","type":"page","link":"https:\/\/www.ilioksdesign.fr\/index.php\/a-propos\/","title":{"rendered":"A propos"},"content":{"rendered":"\n<div class=\"wp-block-cover alignfull is-light has-medium-font-size\" style=\"margin-top:0;margin-bottom:0;padding-top:0;padding-right:0;padding-bottom:0;padding-left:0;min-height:365px;aspect-ratio:unset;\"><img decoding=\"async\" class=\"wp-block-cover__image-background wp-image-263\" alt=\"\" src=\"http:\/\/www.ilioksdesign.fr\/wp-content\/uploads\/2024\/11\/insta-couverture-site-2.jpg?w=1024\" data-object-fit=\"cover\"\/><span aria-hidden=\"true\" class=\"wp-block-cover__background has-background-dim\" style=\"background-color:#ca7e2f\"><\/span><div class=\"wp-block-cover__inner-container is-layout-flow wp-container-core-cover-is-layout-d51e0a58 wp-block-cover-is-layout-flow\">\n<div class=\"wp-block-group alignfull has-base-2-color has-text-color has-link-color wp-elements-22930ff644e0d454e742ae3876cebe2d has-global-padding is-layout-constrained wp-container-core-group-is-layout-e220c6fd wp-block-group-is-layout-constrained\" style=\"margin-top:0;margin-bottom:0;padding-top:calc( 0.5 * var(--wp--style--root--padding-right, var(--wp--custom--gap--horizontal)));padding-right:var(--wp--style--root--padding-right, var(--wp--custom--gap--horizontal));padding-bottom:calc( 0.5 * var(--wp--style--root--padding-right, var(--wp--custom--gap--horizontal)));padding-left:var(--wp--style--root--padding-left, var(--wp--custom--gap--horizontal))\">\n<div style=\"height:0px;width:0px\" aria-hidden=\"true\" class=\"wp-block-spacer\"><\/div>\n\n\n\n<div class=\"wp-block-columns alignwide is-layout-flex wp-container-core-columns-is-layout-28f84493 wp-block-columns-is-layout-flex\">\n<div class=\"wp-block-column has-base-2-color has-text-color has-link-color wp-elements-4aefc91ad91c38ca805633be37fc615e is-layout-flow wp-container-core-column-is-layout-22223934 wp-block-column-is-layout-flow\" style=\"flex-basis:50%\">\n<h2 class=\"wp-block-heading\"><mark style=\"background-color:rgba(0, 0, 0, 0)\" class=\"has-inline-color has-base-2-color\"><strong>\u00c0 propos<\/strong><\/mark><\/h2>\n\n\n\n<p><mark style=\"background-color:rgba(0, 0, 0, 0)\" class=\"has-inline-color has-base-2-color\"><strong>IlioksDesign<\/strong> a \u00e9t\u00e9 cr\u00e9e le 1 septembre 2023 et qui comptabilise presque 150 cr\u00e9ations depuis cette date. <\/mark><\/p>\n<\/div>\n\n\n\n<div class=\"wp-block-column is-style-default is-layout-flow wp-block-column-is-layout-flow\" style=\"flex-basis:50%\">\n<p><strong><mark style=\"background-color:rgba(0, 0, 0, 0)\" class=\"has-inline-color has-base-2-color\">Qui suis-je ?<\/mark><\/strong><\/p>\n\n\n\n<p><mark style=\"background-color:rgba(0, 0, 0, 0)\" class=\"has-inline-color has-base-2-color\">Je suis un jeune \u00e9tudiant de 18ans ayant comme passion le graphisme. Je me suis lanc\u00e9 dans le design depuis 2ans maintenant et j&rsquo;essaye de progresser de jour en jour. Je r\u00e9alise divers cr\u00e9ations tel que des affiches, des logos ainsi que des flyers. Depuis mon enfance j&rsquo;adore concevoir et cr\u00e9e des objets gr\u00e2ce \u00e0 mon imagination et ma vision des choses.<\/mark><\/p>\n<\/div>\n<\/div>\n\n\n\n<div style=\"height:0px;width:0px\" aria-hidden=\"true\" class=\"wp-block-spacer\"><\/div>\n<\/div>\n<\/div><\/div>\n\n\n\n<div style=\"height:31px\" aria-hidden=\"true\" class=\"wp-block-spacer\"><\/div>\n\n\n\n<div class=\"wp-block-group alignwide is-nowrap is-layout-flex wp-container-core-group-is-layout-c3906792 wp-block-group-is-layout-flex\" style=\"margin-top:0;margin-bottom:0;padding-top:calc( 0.5 * var(--wp--style--root--padding-right, var(--wp--custom--gap--horizontal)));padding-right:var(--wp--style--root--padding-right, var(--wp--custom--gap--horizontal));padding-bottom:calc( 0.5 * var(--wp--style--root--padding-right, var(--wp--custom--gap--horizontal)));padding-left:var(--wp--style--root--padding-left, var(--wp--custom--gap--horizontal))\">\n<div style=\"height:calc( 0.25 * var(--wp--style--root--padding-right, var(--wp--custom--gap--horizontal)));width:0px\" aria-hidden=\"true\" class=\"wp-block-spacer wp-container-content-9760934e\"><\/div>\n\n\n\n<div class=\"wp-block-columns alignwide is-layout-flex wp-container-core-columns-is-layout-28f84493 wp-block-columns-is-layout-flex\">\n<div class=\"wp-block-column is-vertically-aligned-stretch is-layout-flow wp-block-column-is-layout-flow\">\n<h3 class=\"wp-block-heading has-medium-font-size\"><strong>Comment ai-je commenc\u00e9 le graphisme ?<\/strong><\/h3>\n\n\n\n<p>J&rsquo;ai commenc\u00e9 \u00e0 cr\u00e9e des designs sur t\u00e9l\u00e9phone avec des applications gratuites, puis apr\u00e8s avoir d\u00e9couvert le pouvoir de l&rsquo;ordinateur dans le domaine du graphisme j&rsquo;ai d\u00e9cid\u00e9 de faire mon stage de 3\u00e8me chez un graphiste. Gr\u00e2ce \u00e0 ce stage j&rsquo;ai pu d\u00e9couvrir les atouts et les d\u00e9fauts de ce m\u00e9tier mais j&rsquo;ai surtout pu acqu\u00e9rir des connaissances dans ce domaine ce qui m&rsquo;a permis aujourd&rsquo;hui de r\u00e9alis\u00e9 des designs.<\/p>\n\n\n\n<div style=\"height:0px\" aria-hidden=\"true\" class=\"wp-block-spacer\"><\/div>\n<\/div>\n<\/div>\n\n\n\n<div style=\"height:calc( 0.25 * var(--wp--style--root--padding-right, var(--wp--custom--gap--horizontal)));width:0px\" aria-hidden=\"true\" class=\"wp-block-spacer wp-container-content-9760934e\"><\/div>\n<\/div>\n\n\n\n<div class=\"wp-block-media-text alignwide is-stacked-on-mobile\" style=\"border-radius:0px;grid-template-columns:46% auto\"><figure class=\"wp-block-media-text__media\"><img decoding=\"async\" src=\"https:\/\/design9001.wordpress.com\/wp-content\/uploads\/2024\/11\/tu-connais-1.jpg?w=1024\" alt=\"\" class=\"wp-image-244 size-full\"\/><\/figure><div class=\"wp-block-media-text__content\">\n<h2 class=\"wp-block-heading\">Les logiciels<\/h2>\n\n\n\n<p>Mes logiciels principaux sont Photoshop et Illustrator pour le graphisme, mais j&rsquo;utilise aussi parfois Premiere Pro ou After Effects pour le montage vid\u00e9o. Ces programmes offrent une multitude de fonctionnalit\u00e9s puissantes, et je travaille avec ces logiciels depuis mes d\u00e9buts.<\/p>\n<\/div><\/div>\n\n\n\n<div style=\"height:54px\" aria-hidden=\"true\" class=\"wp-block-spacer\"><\/div>\n\n\n\n<div class=\"wp-block-media-text alignwide has-media-on-the-right is-stacked-on-mobile\" style=\"grid-template-columns:auto 46%\"><div class=\"wp-block-media-text__content\">\n<h2 class=\"wp-block-heading\">Mes r\u00e9alisations<\/h2>\n\n\n\n<p>J&rsquo;ai d\u00e9but\u00e9 mes cr\u00e9ations fin 2023, en me concentrant principalement sur la conception d&rsquo;affiches sportives. Cependant, je suis tout \u00e0 fait capable de r\u00e9aliser des affiches sur d&rsquo;autres th\u00e8mes, ainsi que des logos.<\/p>\n<\/div><figure class=\"wp-block-media-text__media\"><img decoding=\"async\" src=\"https:\/\/design9001.wordpress.com\/wp-content\/uploads\/2024\/11\/logiciels-v2.jpg?w=1024\" alt=\"\" class=\"wp-image-240 size-full\"\/><\/figure><\/div>\n\n\n\n<div style=\"height:11px\" aria-hidden=\"true\" class=\"wp-block-spacer\"><\/div>\n\n\n\n<div style=\"height:26px\" aria-hidden=\"true\" class=\"wp-block-spacer\"><\/div>\n\n\n\n<hr class=\"wp-block-separator has-alpha-channel-opacity\"\/>\n\n\n\n<div style=\"height:27px\" aria-hidden=\"true\" class=\"wp-block-spacer\"><\/div>\n\n\n\n<figure class=\"wp-block-gallery alignwide has-nested-images columns-default is-cropped wp-block-gallery-3 is-layout-flex wp-block-gallery-is-layout-flex\">\n<figure class=\"wp-block-image size-large is-style-rounded is-style-rounded--1\"><img fetchpriority=\"high\" decoding=\"async\" width=\"1024\" height=\"768\" data-id=\"36\" src=\"https:\/\/www.ilioksdesign.fr\/wp-content\/uploads\/2024\/07\/logos-1024x768.jpg\" alt=\"\" class=\"wp-image-36\" srcset=\"https:\/\/www.ilioksdesign.fr\/wp-content\/uploads\/2024\/07\/logos-1024x768.jpg 1024w, https:\/\/www.ilioksdesign.fr\/wp-content\/uploads\/2024\/07\/logos-300x225.jpg 300w, https:\/\/www.ilioksdesign.fr\/wp-content\/uploads\/2024\/07\/logos-768x576.jpg 768w, https:\/\/www.ilioksdesign.fr\/wp-content\/uploads\/2024\/07\/logos-1536x1152.jpg 1536w, https:\/\/www.ilioksdesign.fr\/wp-content\/uploads\/2024\/07\/logos-2048x1536.jpg 2048w\" sizes=\"(max-width: 1024px) 100vw, 1024px\" \/><\/figure>\n\n\n\n<figure class=\"wp-block-image size-large is-style-rounded is-style-rounded--2\"><img decoding=\"async\" width=\"1024\" height=\"768\" data-id=\"37\" src=\"https:\/\/www.ilioksdesign.fr\/wp-content\/uploads\/2024\/07\/affiches-2-1024x768.jpg\" alt=\"\" class=\"wp-image-37\" srcset=\"https:\/\/www.ilioksdesign.fr\/wp-content\/uploads\/2024\/07\/affiches-2-1024x768.jpg 1024w, https:\/\/www.ilioksdesign.fr\/wp-content\/uploads\/2024\/07\/affiches-2-300x225.jpg 300w, https:\/\/www.ilioksdesign.fr\/wp-content\/uploads\/2024\/07\/affiches-2-768x576.jpg 768w, https:\/\/www.ilioksdesign.fr\/wp-content\/uploads\/2024\/07\/affiches-2-1536x1152.jpg 1536w, https:\/\/www.ilioksdesign.fr\/wp-content\/uploads\/2024\/07\/affiches-2-2048x1536.jpg 2048w\" sizes=\"(max-width: 1024px) 100vw, 1024px\" \/><\/figure>\n<\/figure>\n\n\n\n<div class=\"wp-block-columns is-layout-flex wp-container-core-columns-is-layout-28f84493 wp-block-columns-is-layout-flex\">\n<div class=\"wp-block-column is-layout-flow wp-block-column-is-layout-flow\" style=\"flex-basis:100%\">\n<div class=\"wp-block-columns is-layout-flex wp-container-core-columns-is-layout-28f84493 wp-block-columns-is-layout-flex\">\n<div class=\"wp-block-column is-layout-flow wp-block-column-is-layout-flow\" style=\"flex-basis:100%\">\n<div class=\"wp-block-group alignfull is-vertical is-content-justification-stretch is-layout-flex wp-container-core-group-is-layout-0346a2b3 wp-block-group-is-layout-flex\" style=\"min-height:0px;margin-top:0;margin-bottom:0;padding-top:0px;padding-right:0px;padding-bottom:calc( 0.5 * var(--wp--style--root--padding-right, var(--wp--custom--gap--horizontal)));padding-left:var(--wp--style--root--padding-left, var(--wp--custom--gap--horizontal))\">\n<div class=\"wp-block-group alignwide is-vertical is-layout-flex wp-container-core-group-is-layout-fe9cc265 wp-block-group-is-layout-flex\">\n<div class=\"wp-block-group alignwide has-global-padding is-layout-constrained wp-block-group-is-layout-constrained\">\n<div class=\"wp-block-columns alignwide is-layout-flex wp-container-core-columns-is-layout-28f84493 wp-block-columns-is-layout-flex\">\n<div class=\"wp-block-column is-vertically-aligned-center is-layout-flow wp-block-column-is-layout-flow\">\n<h2 class=\"wp-block-heading\">Explorez mes r\u00e9alisations<\/h2>\n\n\n\n<p>Vous verrez ici mes r\u00e9alisations que ce soit affiches, miniatures, animations ou encore des logos.<\/p>\n\n\n\n<div class=\"wp-block-buttons is-layout-flex wp-block-buttons-is-layout-flex\">\n<div class=\"wp-block-button\"><a class=\"wp-block-button__link wp-element-button\" href=\"http:\/\/www.ilioksdesign.fr\/index.php\/galerie\/\">VOIR PLUS<\/a><\/div>\n<\/div>\n<\/div>\n<\/div>\n<\/div>\n<\/div>\n<\/div>\n<\/div>\n<\/div>\n<\/div>\n<\/div>\n\n\n\n<div style=\"height:55px\" aria-hidden=\"true\" class=\"wp-block-spacer\"><\/div>\n","protected":false},"excerpt":{"rendered":"<p>Comment ai-je commenc\u00e9 le graphisme ? J&rsquo;ai commenc\u00e9 \u00e0 cr\u00e9e des designs sur t\u00e9l\u00e9phone avec des applications gratuites, puis apr\u00e8s avoir d\u00e9couvert le pouvoir de l&rsquo;ordinateur dans le domaine du graphisme j&rsquo;ai d\u00e9cid\u00e9 de faire mon stage de 3\u00e8me chez un graphiste. Gr\u00e2ce \u00e0 ce stage j&rsquo;ai pu d\u00e9couvrir les atouts et les d\u00e9fauts de [&hellip;]<\/p>\n","protected":false},"author":1,"featured_media":0,"parent":0,"menu_order":0,"comment_status":"closed","ping_status":"closed","template":"","meta":{"footnotes":""},"class_list":["post-191","page","type-page","status-publish","hentry"],"_links":{"self":[{"href":"https:\/\/www.ilioksdesign.fr\/index.php\/wp-json\/wp\/v2\/pages\/191","targetHints":{"allow":["GET"]}}],"collection":[{"href":"https:\/\/www.ilioksdesign.fr\/index.php\/wp-json\/wp\/v2\/pages"}],"about":[{"href":"https:\/\/www.ilioksdesign.fr\/index.php\/wp-json\/wp\/v2\/types\/page"}],"author":[{"embeddable":true,"href":"https:\/\/www.ilioksdesign.fr\/index.php\/wp-json\/wp\/v2\/users\/1"}],"replies":[{"embeddable":true,"href":"https:\/\/www.ilioksdesign.fr\/index.php\/wp-json\/wp\/v2\/comments?post=191"}],"version-history":[{"count":13,"href":"https:\/\/www.ilioksdesign.fr\/index.php\/wp-json\/wp\/v2\/pages\/191\/revisions"}],"predecessor-version":[{"id":640,"href":"https:\/\/www.ilioksdesign.fr\/index.php\/wp-json\/wp\/v2\/pages\/191\/revisions\/640"}],"wp:attachment":[{"href":"https:\/\/www.ilioksdesign.fr\/index.php\/wp-json\/wp\/v2\/media?parent=191"}],"curies":[{"name":"wp","href":"https:\/\/api.w.org\/{rel}","templated":true}]}}